
    
    {"id":8,"date":"2015-03-25T18:33:05","date_gmt":"2015-03-25T23:33:05","guid":{"rendered":"http:\/\/blogs.uladech.edu.pe\/hcherov\/?page_id=8"},"modified":"2020-02-28T15:49:19","modified_gmt":"2020-02-28T20:49:19","slug":"referencia-profesional","status":"publish","type":"page","link":"https:\/\/blogs.uladech.edu.pe\/hcherov\/referencia-profesional\/","title":{"rendered":"Referencia Profesional"},"content":{"rendered":"<h1 style=\"text-align: center\"><strong><span style=\"color: #000080\"><i>Dr. Henry<\/i><i> Alberto <\/i><i>Chero<\/i><i> <\/i><i>Valdivieso<\/i>,<span style=\"color: #ff0000\"> (Per\u00fa)<\/span><\/span><\/strong><\/h1>\n<p style=\"text-align: center\">Director creador de la Red de Docentes de Am\u00e9rica Latina y del Caribe (RedDOLAC)<br \/>\nDirector de Cooperaci\u00f3n de la Universidad Cat\u00f3lica Los \u00c1ngeles de Chimbote.<br \/>\nDocente de Posgrado en did\u00e1ctica universitaria, curr\u00edculo y tecnolog\u00edas para educaci\u00f3n<br \/>\nGerente del Instituto de Formaci\u00f3n Continua de RedDOLAC<br \/>\nConsultor en tecnolog\u00edas de informaci\u00f3n y comunicaci\u00f3n para la Educaci\u00f3n.<br \/>\nConferencista y Docente capacitador en did\u00e1ctica universitaria y tecnolog\u00edas para educaci\u00f3n en diversas universidades latinoamericanas.<\/p>\n<p style=\"text-align: center\" align=\"center\"><i>\u00a0 \u00a0<\/i><strong><i>e-mail:<\/i><\/strong><i>\u00a0 \u00a0<strong><span style=\"color: #0000ff\"><a href=\"mailto:reddolac@gmail.com\"><span style=\"color: #0000ff\">reddolac@gmail.com<\/span><\/a><\/span>\u00a0 \/ \u00a0<strong>Skype:<\/strong><b>\u00a0<span style=\"color: #008000\">hcherov<\/span><\/b><\/strong><\/i><\/p>\n<div style=\"text-align: center\" align=\"center\"><a href=\"https:\/\/www.facebook.com\/hcherov\" target=\"_blank\"><img loading=\"lazy\" title=\"s\u00edguenos en facebook\" alt=\"siguenos en facebook\" src=\"http:\/\/4.bp.blogspot.com\/-LnKbkk802kw\/UiXwV9rN8xI\/AAAAAAAAB0Y\/fQCQKFEbvjM\/s1600\/face.png\" width=\"48\" height=\"48\" \/><\/a>\u00a0<a href=\"https:\/\/twitter.com\/hcherov\" target=\"_blank\"><img loading=\"lazy\" title=\"s\u00edguenos en Twitter\" alt=\"s\u00edguenos en Twitter\" src=\"http:\/\/2.bp.blogspot.com\/-CaF1EOBAWj4\/UiX1AxmkZuI\/AAAAAAAAB2Y\/IioIplosXNo\/s1600\/Twitter+NEW.png\" width=\"48\" height=\"48\" \/><\/a>\u00a0<a href=\"https:\/\/www.youtube.com\/playlist?list=PL6PwB9XXu_rNktzOq_qyPZcm5CTF86HS2\" target=\"_blank\"><img loading=\"lazy\" title=\"Canal de youtube\" alt=\"Canal de youtube\" src=\"http:\/\/4.bp.blogspot.com\/-wJkQKYTRnLE\/UiX1C4zSnRI\/AAAAAAAAB3Q\/itwpDSplxdo\/s1600\/YouTube+alt+1.png\" width=\"48\" height=\"48\" \/><\/a>\u00a0<a href=\"https:\/\/plus.google.com\/u\/2\/+HenryChero\" target=\"_blank\"><img loading=\"lazy\" title=\"s\u00edguenos en Google+\" alt=\"siguenos en Google+\" src=\"http:\/\/3.bp.blogspot.com\/-zvFdHYZvlQE\/UidKzBJ9P_I\/AAAAAAAAB-w\/WRz20R3RiB0\/s1600\/plusone.png\" width=\"48\" height=\"48\" \/><\/a>\u00a0<a href=\"http:\/\/www.slideshare.net\/HCHEROV\" target=\"_blank\"><img loading=\"lazy\" title=\"s\u00edgueme en Slideshare\" alt=\"s\u00edgueme en Slideshare\" src=\"http:\/\/1.bp.blogspot.com\/-MUnA05QRgSg\/Uid3KHGKc9I\/AAAAAAAACCk\/2SzLWwTR0aY\/s1600\/slideshare2.png\" width=\"48\" height=\"48\" \/><\/a>\u00a0<a href=\"hcherov?call\" target=\"_blank\"><img loading=\"lazy\" title=\"s\u00edgueme en Skype\" alt=\"s\u00edgueme en Skype\" src=\"http:\/\/4.bp.blogspot.com\/-F6FvF9QdUBM\/UieBuShqlzI\/AAAAAAAACEI\/vuh7PgLKQ9w\/s1600\/skype2.png\" width=\"48\" height=\"48\" \/><\/a>\u00a0<a href=\"https:\/\/delicious.com\/hcherov\" target=\"_blank\"><img loading=\"lazy\" title=\"s\u00edgueme en Delicious\" alt=\"s\u00edguenos en Delicious\" src=\"http:\/\/2.bp.blogspot.com\/-mqLrE9SOrN4\/UidN5BAkpEI\/AAAAAAAAB_k\/lYIGpBzv8zU\/s1600\/delicious.png\" width=\"48\" height=\"48\" \/><\/a>\u00a0<a href=\"http:\/\/www.reddolac.org\/profile\/hcherov\" target=\"_blank\"><img loading=\"lazy\" title=\"siguenos en RedDOLAC\" alt=\"s\u00edguenos en facebook\" src=\"http:\/\/api.ning.com\/files\/rpaNltkrcOsVCg9FR7vBzvmIvkkQDkREXjKWdCWLTsPqbr38C83eY2bTR0t7vt98GlYKn*Z87yxuKb5yhoboQVI8zwXPaO-Y\/RedDOLAC.png?width=48&amp;height=48\" width=\"48\" height=\"48\" \/><\/a>\u00a0<a href=\"https:\/\/www.linkedin.com\/in\/hcherov\" target=\"_blank\"><img loading=\"lazy\" alt=\"s\u00edguenos en facebook\" src=\"https:\/\/encrypted-tbn1.gstatic.com\/images?q=tbn:ANd9GcT-YRqBS-lO68upwGfdYe0BMHialmE48QeO8gBqFb-qOUy-SGMEvw\" width=\"48\" height=\"48\" \/><\/a><\/div>\n<p align=\"center\"><b><i>\u00a0<\/i><\/b><\/p>\n<p style=\"text-align: justify\"><strong><span style=\"color: #000080\">A)\u00a0\u00a0\u00a0Formaci\u00f3n\u00a0<\/span><\/strong><\/p>\n<p style=\"text-align: justify\">Licenciado en Educaci\u00f3n Matem\u00e1tica, Maestr\u00eda en Educaci\u00f3n con menci\u00f3n en Investigaci\u00f3n y Curr\u00edculo, Doctor en Administraci\u00f3n de la Educaci\u00f3n, Doctorando del Espacio Europeo de Educaci\u00f3n Superior en UNED de Espa\u00f1a, en la especialidad de Comunicaci\u00f3n y Educaci\u00f3n en entornos digitales. Estudios de Posgrado en Ingenier\u00eda de Sistemas con menci\u00f3n en Tecnolog\u00edas de informaci\u00f3n y comunicaci\u00f3n (TIC). Diplomado en Estudios Avanzados (DEA) por la Universidad UNED de Espa\u00f1a. Diplomado en Psicopedagog\u00eda. Diplomado en Educaci\u00f3n a distancia. Auditor Interno en ISO-9001-2000. Diplomado en competencias docentes para el siglo XXI (TECNOL\u00d3GICO de-Monterrey-M\u00e9xico). Diplomado como Tutor virtual\u00a0 por la Organizaci\u00f3n de Estados Americanos\u00a0-Instituto de Estudios avanzados para Am\u00e9rica- OEA-INEAM-Washington D.C. Diplomado en Estrategias para la ense\u00f1anza de la Matem\u00e1tica\u00a0 por la Organizaci\u00f3n de Estados Americanos\u00a0-Instituto de Estudios avanzados para Am\u00e9rica- OEA-INEAM-Washington D. C; Diplomado en Calidad de la Educaci\u00f3n B\u00e1sica por OEA-INEAM-Washington D.C; Diplomado en Actualizaci\u00f3n en habilidades did\u00e1cticas (TECNOL\u00d3GICO de-Monterrey-M\u00e9xico). Certificado\u00a0 como Director de Cursos virtuales por la Universidad UNAD de Colombia (2010); Certificado por el Instituto para la calidad de la Educaci\u00f3n a Distancia (CALED) en el curso Autoevaluaci\u00f3n para programas de Pregrado a Distancia (2011).<\/p>\n<p style=\"text-align: justify\"><strong><span style=\"color: #000080\">B) \u00a0Experiencia profesional: \u00a0 \u00a0<\/span><\/strong><\/p>\n<p style=\"text-align: justify\">Docente de pregrado y posgrado en Matem\u00e1ticas, tecnolog\u00edas de informaci\u00f3n, teor\u00eda curricular, Did\u00e1ctica universitaria e Inform\u00e1tica Educativa en diferentes universidades. <!--more-->\u00a0Especialista en matem\u00e1ticas para\u00a0 la Sub-Regi\u00f3n de Educaci\u00f3n de MINEDU-Per\u00fa. Coordinador de proyectos TIC como EDURED y Huascar\u00e1n en sedes descentralizadas del Ministerio de Educaci\u00f3n de Per\u00fa (2002-2004);\u00a0 Asesor y Coordinador del Sistema de Educaci\u00f3n a Distancia de la Universidad Cat\u00f3lica Los \u00c1ngeles de Chimbote \u00a0(2003-2005); Jefe de \u00a0Virtualizaci\u00f3n de asignaturas en ULADECH Cat\u00f3lica en Chimbote-Per\u00fa (2006-2007); Especialista y consultor en e-learning, b-learning y Docente capacitador en tecnolog\u00edas inform\u00e1ticas para educaci\u00f3n en diversas universidades.\u00a0Es docente tutor \u00a0en diferentes cursos nacionales e internacionales, entre ellos\u00a0 tutor para el prestigioso Instituto Latinoamericano y del Caribe de Calidad de la Educaci\u00f3n a Distancia\u00a0 con el curso \u201cMetodolog\u00edas para la Educaci\u00f3n a Distancia\u201d del COLAM-CALED y la OUI (Organizaci\u00f3n Interamericana de Universidades). (<a href=\"http:\/\/www.oui-iohe.org\/es\/\">http:\/\/www.oui-iohe.org\/es\/<\/a>), en su versi\u00f3n 2012.\u00a0 Docente tutor para el curso de \u201cCertificaci\u00f3n de programas de Educaci\u00f3n Virtual\u201d para el Instituto de Calidad de EaD \u2013 CALED\u00a0 para el proyecto ESVIAL en su versi\u00f3n 2013<\/p>\n<p style=\"text-align: justify\"><strong><span style=\"color: #000080\">C)\u00a0\u00a0\u00a0Actividad Acad\u00e9mica Internacional<\/span><\/strong><\/p>\n<p style=\"text-align: justify\">\u00a0Invitado como conferencista \u00a0y tallerista en temas asociados a las TIC, Educaci\u00f3n Superior y a Distancia en diversos congresos nacionales\u00a0 e internacionales en Per\u00fa, Argentina, Brasil, Ecuador, M\u00e9xico, Venezuela, Rep\u00fablica Dominicana, Espa\u00f1a, Panam\u00e1 y Cuba. <b>\u00a0<\/b>Ha sido invitado como conferencista por diversas universidades nacionales e internacionales \u00a0como la Universidad Federal de Minas Gerais de Bello Horizonte-Brasil, Universidad Pedag\u00f3gica Experimental Libertador de Barquisimeto de Venezuela, la Universidad Dr. Jos\u00e9 Gregorio Hern\u00e1ndez de Maracaibo de Venezuela, Universidad de la Salud de Cuba, por la Universidad de Guadalajara\u00a0 de M\u00e9xico entre otras universidades nacionales e internacionales. Es docente tutor \u00a0en diferentes cursos nacionales e internacionales, entre ellos\u00a0 tutor para el prestigioso Instituto Latinoamericano y del Caribe de Calidad de la Educaci\u00f3n a Distancia\u00a0 con el curso \u201cMetodolog\u00edas para la Educaci\u00f3n a Distancia\u201d del COLAM-CALED y la OUI (Organizaci\u00f3n Interamericana de Universidades). (<a href=\"http:\/\/www.oui-iohe.org\/es\/\">http:\/\/www.oui-iohe.org\/es\/<\/a>), en su versi\u00f3n 2012.\u00a0 Docente tutor para el curso de \u201cCertificaci\u00f3n de programas de Educaci\u00f3n Virtual\u201d para el Instituto de Calidad de EaD \u2013 CALED\u00a0 para el proyecto ESVIAL en su versi\u00f3n 2013. Revistas Cient\u00edficas. Miembro del comit\u00e9 de arbitraje de la \u00a0Revista EDUCARE correspondiente a su edici\u00f3n del a\u00f1o 2011 Volumen 15 de Venezuela. Miembro del comit\u00e9 cient\u00edfico de la Revista Actualidad y Prospectiva, de la Facultad de Ciencias Econ\u00f3micas de la Universidad Nacional del Nordeste, Argentina. Miembro del comit\u00e9 editorial de la Revista\u00a0 REDHECS de la Universidad Rafael Belloso de Maracaibo-Venezuela. Coordinaci\u00f3n de eventos internacionales. Coordinador General del Congreso Internacional \u201cLa Universidad en la era digital\u201d &#8211; Per\u00fa-2009,\u00a0 Coordinador General del I-Encuentro de Universidades Inclusivas Virtual Educa: Calidad y Acreditaci\u00f3n Universitaria\u201d \u2013 Per\u00fa-2011, Coordinador General del II-Encuentro Internacional de Universidades Inclusivas Virtual Educa: Convergencia de modalidades para la inclusi\u00f3n social\u201d \u2013 Per\u00fa-2013. Coordinador General del III-Simposio Internacional de Responsabilidad Social de las Organizaciones desarrollado en Lima-Per\u00fa el a\u00f1o 2014.<\/p>\n<p style=\"text-align: justify\"><strong><span style=\"color: #000080\">D) \u00a0\u00a0Producci\u00f3n acad\u00e9mica<\/span><\/strong><b><br \/>\n<\/b><\/p>\n<p style=\"text-align: justify\">Creador y promotor de la Red de Docentes de Latinoam\u00e9rica y el Caribe (RedDOLAC). Coautor del Libro: \u00abLa Educaci\u00f3n superior a distancia: Miradas diversas desde Iberoam\u00e9rica\u00bb. Editado por el Dr. Claudio Rama (Virtual Educa) y el Dr. Jos\u00e9 Pardo (INTEVED). Impreso en Madrid Espa\u00f1a-2010- ISBN:978-980-12-4408-0. (2010). Coautor del libro por los 20 a\u00f1os del Consorcio Red de Educaci\u00f3n a Distancia (CREAD). \u201cEducaci\u00f3n a distancia: Actores y experiencias\u201d. Impreso en UTPL-Ecuador. ISBN 970-792-024-6 . (2010).\u00a0 Coordinador de la versi\u00f3n digital del Libro \u00abEl Aseguramiento de la Calidad en la Educaci\u00f3n Virtual\u00bb. Editado por el Dr. Claudio Rama (Virtual Educa) y el Dr. Julio Dom\u00ednguez Granda (RUIVE). Impreso en\u00a0 Editora Gr\u00e1fica Real-Per\u00fa ISBN 978-612-45269-6-1 (2011). Coordinador de la versi\u00f3n digital del Libro \u00abLa Responsabilidad Social en la Educaci\u00f3n a Distancia\u00bb. Editado por el Dr. Claudio Rama (Virtual Educa) y el Dr. Julio Dom\u00ednguez Granda (RUIVE).<\/p>\n<p style=\"text-align: justify\"><strong><span style=\"color: #000080\">E)\u00a0\u00a0\u00a0\u00a0\u00a0Funciones Actuales:<\/span><\/strong><\/p>\n<ul style=\"text-align: justify\">\n<li>\u00a7 Jefe de la Oficina de Redes de Cooperaci\u00f3n de la Universidad Cat\u00f3lica Los \u00c1ngeles de Chimbote (<a href=\"http:\/\/www.uladech.edu.pe\/\">www.uladech.edu.pe<\/a>)<\/li>\n<li>\u00a7 Creador y Administrador de la Red de Docentes de Am\u00e9rica Latina y del Caribe-RedDOLAC (<a href=\"http:\/\/www.reddolac.org\/\">www.reddolac.org<\/a>)<\/li>\n<li>\u00a7 Director de la Oficina T\u00e9cnica de la Red de Universidades Inclusivas Virtual Educa <a href=\"http:\/\/www.ruive.org\/\">www.ruive.org<\/a><\/li>\n<li>\u00a7 <strong>Miembro<\/strong><strong> <\/strong><strong>honorario<\/strong><strong> <\/strong><strong>de<\/strong><strong> <\/strong><strong>la<\/strong><strong> <\/strong><strong>Comunidad<\/strong><strong> <\/strong><strong>Chilena<\/strong><strong> <\/strong><strong>de<\/strong><strong> <\/strong><strong>Tecnolog\u00edas<\/strong><strong> <\/strong><strong>de<\/strong><strong> <\/strong><strong>Aprendizaje<\/strong><strong> <\/strong><strong>&#8211;<\/strong><a href=\"http:\/\/www.cclt.cl\/\">www.cclt.cl<\/a><\/li>\n<li>\u00a7 Docente de Postgrado de la Universidad Cat\u00f3lica Los \u00c1ngeles de Chimbote y docente capacitador en TIC en Universidades ULADECH, UNT, UPAO, USS, UNDAC.<\/li>\n<\/ul>\n<p style=\"text-align: justify\"><strong><span style=\"color: #000080\">F)\u00a0\u00a0\u00a0\u00a0\u00a0\u00a0Referencias\u00a0 en la web:<\/span><\/strong><\/p>\n<ol style=\"text-align: justify\">\n<li><a href=\"http:\/\/www.reddolac.org\/\">http:\/\/www.reddolac.org\/<\/a><\/li>\n<li><a href=\"http:\/\/www.scoop.it\/t\/reddolac\">http:\/\/www.scoop.it\/t\/reddolac<\/a><\/li>\n<li><a href=\"http:\/\/www.youtube.com\/cheroval\">http:\/\/www.youtube.com\/cheroval<\/a><\/li>\n<li><a href=\"http:\/\/www.youtube.com\/reddolac\">http:\/\/www.youtube.com\/reddolac<\/a><\/li>\n<li><a href=\"https:\/\/www.facebook.com\/reddolac\">https:\/\/www.facebook.com\/reddolac<\/a><\/li>\n<\/ol>\n<p style=\"text-align: justify\" align=\"right\"><b><i>\u00a0<\/i><\/b><\/p>\n","protected":false},"excerpt":{"rendered":"<p>Dr. Henry Alberto Chero Valdivieso, (Per\u00fa) Director creador de la Red de Docentes de Am\u00e9rica Latina y del Caribe (RedDOLAC)&#8230; <a href=\"https:\/\/blogs.uladech.edu.pe\/hcherov\/referencia-profesional\/\">Continue reading &raquo;<\/a><\/p>\n","protected":false},"author":9,"featured_media":9,"parent":0,"menu_order":0,"comment_status":"closed","ping_status":"closed","template":"","meta":[],"_links":{"self":[{"href":"https:\/\/blogs.uladech.edu.pe\/hcherov\/wp-json\/wp\/v2\/pages\/8"}],"collection":[{"href":"https:\/\/blogs.uladech.edu.pe\/hcherov\/wp-json\/wp\/v2\/pages"}],"about":[{"href":"https:\/\/blogs.uladech.edu.pe\/hcherov\/wp-json\/wp\/v2\/types\/page"}],"author":[{"embeddable":true,"href":"https:\/\/blogs.uladech.edu.pe\/hcherov\/wp-json\/wp\/v2\/users\/9"}],"replies":[{"embeddable":true,"href":"https:\/\/blogs.uladech.edu.pe\/hcherov\/wp-json\/wp\/v2\/comments?post=8"}],"version-history":[{"count":24,"href":"https:\/\/blogs.uladech.edu.pe\/hcherov\/wp-json\/wp\/v2\/pages\/8\/revisions"}],"predecessor-version":[{"id":281,"href":"https:\/\/blogs.uladech.edu.pe\/hcherov\/wp-json\/wp\/v2\/pages\/8\/revisions\/281"}],"wp:featuredmedia":[{"embeddable":true,"href":"https:\/\/blogs.uladech.edu.pe\/hcherov\/wp-json\/wp\/v2\/media\/9"}],"wp:attachment":[{"href":"https:\/\/blogs.uladech.edu.pe\/hcherov\/wp-json\/wp\/v2\/media?parent=8"}],"curies":[{"name":"wp","href":"https:\/\/api.w.org\/{rel}","templated":true}]}}