
    
    {"id":1276,"date":"2016-03-30T19:47:34","date_gmt":"2016-03-31T00:47:34","guid":{"rendered":"http:\/\/blogs.uladech.edu.pe\/responsabilidadsocial\/?page_id=1276"},"modified":"2016-03-31T09:36:15","modified_gmt":"2016-03-31T14:36:15","slug":"director","status":"publish","type":"page","link":"https:\/\/blogs.uladech.edu.pe\/responsabilidadsocial\/representantes\/director\/","title":{"rendered":"Sede Central"},"content":{"rendered":"<p style=\"text-align: center\"><a href=\"http:\/\/blogs.uladech.edu.pe\/responsabilidadsocial\/wp-content\/uploads\/sites\/7\/2014\/07\/helmer.jpg\"><img loading=\"lazy\" class=\"aligncenter  wp-image-1272\" alt=\"helmer\" src=\"http:\/\/blogs.uladech.edu.pe\/responsabilidadsocial\/wp-content\/uploads\/sites\/7\/2014\/07\/helmer.jpg\" width=\"128\" height=\"170\" \/><\/a><\/p>\n<p style=\"text-align: center\">Dr. Helmer Ch\u00e1vez P\u00e9rez<br \/>\nDirector de Responsabilidad Social<br \/>\nULADECH Cat\u00f3lica<\/p>\n<p style=\"text-align: center\">\n<p style=\"text-align: center\"><a href=\"http:\/\/blogs.uladech.edu.pe\/responsabilidadsocial\/wp-content\/uploads\/sites\/7\/2016\/03\/SEGUNDO-DIAZ-JAIMES.jpg\"><img loading=\"lazy\" class=\"aligncenter  wp-image-1304\" alt=\"SEGUNDO DIAZ JAIMES\" src=\"http:\/\/blogs.uladech.edu.pe\/responsabilidadsocial\/wp-content\/uploads\/sites\/7\/2016\/03\/SEGUNDO-DIAZ-JAIMES.jpg\" width=\"128\" height=\"170\" \/><\/a>Pbro. Mg. Segundo D\u00edaz Flores<br \/>\nCoordinador del Servicio Social Universitario<br \/>\nCoordinador de Formaci\u00f3n Religiosa y Moral<\/p>\n","protected":false},"excerpt":{"rendered":"<p>Dr. Helmer Ch\u00e1vez P\u00e9rez Director de Responsabilidad Social ULADECH Cat\u00f3lica Pbro. Mg. Segundo D\u00edaz Flores Coordinador del Servicio Social Universitario&#8230; <a href=\"https:\/\/blogs.uladech.edu.pe\/responsabilidadsocial\/representantes\/director\/\">Continue reading &raquo;<\/a><\/p>\n","protected":false},"author":8,"featured_media":0,"parent":11,"menu_order":0,"comment_status":"open","ping_status":"open","template":"","meta":[],"_links":{"self":[{"href":"https:\/\/blogs.uladech.edu.pe\/responsabilidadsocial\/wp-json\/wp\/v2\/pages\/1276"}],"collection":[{"href":"https:\/\/blogs.uladech.edu.pe\/responsabilidadsocial\/wp-json\/wp\/v2\/pages"}],"about":[{"href":"https:\/\/blogs.uladech.edu.pe\/responsabilidadsocial\/wp-json\/wp\/v2\/types\/page"}],"author":[{"embeddable":true,"href":"https:\/\/blogs.uladech.edu.pe\/responsabilidadsocial\/wp-json\/wp\/v2\/users\/8"}],"replies":[{"embeddable":true,"href":"https:\/\/blogs.uladech.edu.pe\/responsabilidadsocial\/wp-json\/wp\/v2\/comments?post=1276"}],"version-history":[{"count":4,"href":"https:\/\/blogs.uladech.edu.pe\/responsabilidadsocial\/wp-json\/wp\/v2\/pages\/1276\/revisions"}],"predecessor-version":[{"id":1305,"href":"https:\/\/blogs.uladech.edu.pe\/responsabilidadsocial\/wp-json\/wp\/v2\/pages\/1276\/revisions\/1305"}],"up":[{"embeddable":true,"href":"https:\/\/blogs.uladech.edu.pe\/responsabilidadsocial\/wp-json\/wp\/v2\/pages\/11"}],"wp:attachment":[{"href":"https:\/\/blogs.uladech.edu.pe\/responsabilidadsocial\/wp-json\/wp\/v2\/media?parent=1276"}],"curies":[{"name":"wp","href":"https:\/\/api.w.org\/{rel}","templated":true}]}}