
    
    {"id":1537,"date":"2016-05-18T12:36:10","date_gmt":"2016-05-18T17:36:10","guid":{"rendered":"http:\/\/blogs.uladech.edu.pe\/responsabilidadsocial\/?page_id=1537"},"modified":"2016-05-18T12:50:55","modified_gmt":"2016-05-18T17:50:55","slug":"presentacion-2","status":"publish","type":"page","link":"https:\/\/blogs.uladech.edu.pe\/responsabilidadsocial\/presentacion-2\/","title":{"rendered":"Presentaci\u00f3n"},"content":{"rendered":"<p style=\"text-align: justify\"><a href=\"http:\/\/blogs.uladech.edu.pe\/responsabilidadsocial\/wp-content\/uploads\/sites\/7\/2015\/10\/logo-dares-2014.jpg\"><img loading=\"lazy\" class=\"alignright  wp-image-261\" alt=\"logo-dares-2014\" src=\"http:\/\/blogs.uladech.edu.pe\/responsabilidadsocial\/wp-content\/uploads\/sites\/7\/2015\/10\/logo-dares-2014.jpg\" width=\"242\" height=\"176\" \/><\/a>A comienzos de la d\u00e9cada de 1970 se empez\u00f3 a utilizar, m\u00e1s frecuentemente, el t\u00e9rmino de responsabilidad social. Inicialmente, fue entendida como un asunto de competencia de las empresas, las cuales se realizaban a trav\u00e9s de actividades filantr\u00f3picas, por ejemplo, obras de caridad. Sin embargo, esta mirada empresarial se fue ampliando progresivamente, al comprender que las organizaciones y las personas que las conforman tienen responsabilidades en la contribuci\u00f3n al desarrollo sostenible. La responsabilidad social, pretende hoy en d\u00eda, sensibilizar a las organizaciones y a los individuos que la componen a responsabilizarse en la contribuci\u00f3n al desarrollo sostenible y en el aseguramiento de la subsistencia de los ecosistemas, tomando en consideraci\u00f3n la diversidad social, ambiental, legal, cultural, pol\u00edtica y organizacional as\u00ed como las diferencias en las condiciones econ\u00f3micas.<\/p>\n<p style=\"text-align: justify\">La Direcci\u00f3n de Responsabilidad Social (DIRES) de ULADECH-Cat\u00f3lica, acorde a las nuevas tendencias mundiales y globalizadas, orienta su quehacer a desarrollar los temas fundamentales de la Norma Internacional ISO 26000 sobre responsabilidad social, en temas como medio ambiente, derechos humanos, practicas operativas justas, gobernanza de la organizaci\u00f3n, tema de consumidores, pr\u00e1cticas laborales y desarrollo de la comunidad.<\/p>\n<p style=\"text-align: justify\">El DIRES se inserta en la universidad, como eje transversal en el plan de estudios de cada una de las carreras profesionales; comprometido con la formaci\u00f3n de los estudiantes para convertirlos en profesionales ciudadanos y con compromiso social. Nosotros trabajamos la responsabilidad social a trav\u00e9s de proyectos de extensi\u00f3n universitaria y proyecci\u00f3n social con los cuales buscamos contribuir al desarrollo de las comunidades y organizaciones, mejorando sus condiciones de vida a trav\u00e9s de la educaci\u00f3n.<\/p>\n<p style=\"text-align: justify\">Adem\u00e1s, pretendemos que las comunidades sean m\u00e1s conscientes de la necesidad y los beneficios de un comportamiento socialmente responsable, tomando en cuenta que el objetivo final de la responsabilidad social es contribuir al desarrollo sostenible, siendo un compromiso \u00e9tico de las instituciones y de los que la conforman.<\/p>\n<p style=\"text-align: justify\">Para la consecuci\u00f3n de nuestros objetivos, como Direcci\u00f3n de Responsabilidad Social, contamos con la participaci\u00f3n de un equipo multidisciplinario de profesionales, con competencias acad\u00e9micas y personales acorde a las requeridas por el perfil institucional. El equipo de profesionales que conforma el DIRES, sabe que el desempe\u00f1o de una organizaci\u00f3n o de los integrantes de la misma en relaci\u00f3n con el contexto social en el que opera y su impacto sobre el medio ambiente, se ha convertido en un aspecto fundamental al medir su desempe\u00f1o integral y su habilidad para continuar operando de manera eficaz. Nuestro compromiso es con nuestros beneficiarios internos, externos, con el entorno en el cual nos desenvolvemos y con la universidad; buscando la mejora continua de cada uno de los procesos en los cuales intervenimos.<\/p>\n<table>\n<tbody>\n<tr>\n<td>\n<p style=\"text-align: justify\"><a href=\"http:\/\/blogs.uladech.edu.pe\/responsabilidadsocial\/wp-content\/uploads\/sites\/7\/2015\/10\/dr-elmer-chavez.jpg\"><img loading=\"lazy\" class=\"alignright size-full wp-image-262\" alt=\"dr-elmer-chavez\" src=\"http:\/\/blogs.uladech.edu.pe\/responsabilidadsocial\/wp-content\/uploads\/sites\/7\/2015\/10\/dr-elmer-chavez.jpg\" width=\"240\" height=\"288\" \/><\/a><\/p>\n<\/td>\n<\/tr>\n<tr>\n<td>\n<p style=\"text-align: right\">Dr. Helmer Ch\u00e1vez P\u00e9rez<br \/>\n<strong>Direcci\u00f3n de Responsabilidad Social<\/strong><br \/>\n<strong>ULADECH CAT\u00d3LICA<\/strong><\/p>\n<\/td>\n<\/tr>\n<\/tbody>\n<\/table>\n","protected":false},"excerpt":{"rendered":"<p>A comienzos de la d\u00e9cada de 1970 se empez\u00f3 a utilizar, m\u00e1s frecuentemente, el t\u00e9rmino de responsabilidad social. Inicialmente, fue&#8230; <a href=\"https:\/\/blogs.uladech.edu.pe\/responsabilidadsocial\/presentacion-2\/\">Continue reading &raquo;<\/a><\/p>\n","protected":false},"author":8,"featured_media":0,"parent":0,"menu_order":0,"comment_status":"open","ping_status":"open","template":"","meta":[],"_links":{"self":[{"href":"https:\/\/blogs.uladech.edu.pe\/responsabilidadsocial\/wp-json\/wp\/v2\/pages\/1537"}],"collection":[{"href":"https:\/\/blogs.uladech.edu.pe\/responsabilidadsocial\/wp-json\/wp\/v2\/pages"}],"about":[{"href":"https:\/\/blogs.uladech.edu.pe\/responsabilidadsocial\/wp-json\/wp\/v2\/types\/page"}],"author":[{"embeddable":true,"href":"https:\/\/blogs.uladech.edu.pe\/responsabilidadsocial\/wp-json\/wp\/v2\/users\/8"}],"replies":[{"embeddable":true,"href":"https:\/\/blogs.uladech.edu.pe\/responsabilidadsocial\/wp-json\/wp\/v2\/comments?post=1537"}],"version-history":[{"count":2,"href":"https:\/\/blogs.uladech.edu.pe\/responsabilidadsocial\/wp-json\/wp\/v2\/pages\/1537\/revisions"}],"predecessor-version":[{"id":1542,"href":"https:\/\/blogs.uladech.edu.pe\/responsabilidadsocial\/wp-json\/wp\/v2\/pages\/1537\/revisions\/1542"}],"wp:attachment":[{"href":"https:\/\/blogs.uladech.edu.pe\/responsabilidadsocial\/wp-json\/wp\/v2\/media?parent=1537"}],"curies":[{"name":"wp","href":"https:\/\/api.w.org\/{rel}","templated":true}]}}