
    
    {"id":260,"date":"2015-10-23T08:36:42","date_gmt":"2015-10-23T08:36:42","guid":{"rendered":"http:\/\/blogs.uladech.edu.pe\/responsabilidadsocial\/?page_id=260"},"modified":"2023-08-31T12:00:49","modified_gmt":"2023-08-31T17:00:49","slug":"presentacion","status":"publish","type":"page","link":"https:\/\/blogs.uladech.edu.pe\/responsabilidadsocial\/","title":{"rendered":"Eventos"},"content":{"rendered":"<h1 style=\"text-align: center;\">Conferencia: \u00bfPor qu\u00e9 la Responsabilidad Social Universitaria no es Extensi\u00f3n Social?<\/h1>\n<p style=\"text-align: center;\"><a href=\"http:\/\/unionursula.org\/conferencia-por-que-la-responsabilidad-social-universitaria-no-es-extension-social\/\"><img loading=\"lazy\" class=\"aligncenter\" alt=\"campa\u00f1a de reciclaje\" src=\"http:\/\/blogs.uladech.edu.pe\/responsabilidadsocial\/wp-content\/uploads\/sites\/7\/2016\/03\/URSULA-PIEZA-SIN-FOTO-FB.png\" width=\"499\" height=\"359\" \/><\/a><\/p>\n<p>&nbsp;<\/p>\n<h1 style=\"text-align: center;\"><em><span style=\"color: #ff0000;\">SALUDO NAVIDE\u00d1O<br \/>\n<\/span><\/em><\/h1>\n<p style=\"text-align: center;\"><a href=\"http:\/\/blogs.uladech.edu.pe\/responsabilidadsocial\/wp-content\/uploads\/sites\/7\/2016\/06\/oie_tZAJadk6pbwM.gif\"><img loading=\"lazy\" class=\"aligncenter\" alt=\"campa\u00f1a de reciclaje\" src=\"http:\/\/blogs.uladech.edu.pe\/responsabilidadsocial\/wp-content\/uploads\/sites\/7\/2016\/06\/oie_tZAJadk6pbwM.gif\" width=\"499\" height=\"359\" \/><\/a><\/p>\n<h5 style=\"text-align: center;\"><\/h5>\n<h5 style=\"text-align: center;\"><\/h5>\n<p>&nbsp;<\/p>\n<p>&nbsp;<\/p>\n<p>&nbsp;<\/p>\n<p>&nbsp;<\/p>\n<p>&nbsp;<\/p>\n<p>&nbsp;<\/p>\n<p style=\"text-align: center;\">\n","protected":false},"excerpt":{"rendered":"<p>Conferencia: \u00bfPor qu\u00e9 la Responsabilidad Social Universitaria no es Extensi\u00f3n Social? &nbsp; SALUDO NAVIDE\u00d1O &nbsp; &nbsp; &nbsp; &nbsp; &nbsp; &nbsp;<\/p>\n","protected":false},"author":8,"featured_media":261,"parent":0,"menu_order":0,"comment_status":"closed","ping_status":"closed","template":"","meta":[],"_links":{"self":[{"href":"https:\/\/blogs.uladech.edu.pe\/responsabilidadsocial\/wp-json\/wp\/v2\/pages\/260"}],"collection":[{"href":"https:\/\/blogs.uladech.edu.pe\/responsabilidadsocial\/wp-json\/wp\/v2\/pages"}],"about":[{"href":"https:\/\/blogs.uladech.edu.pe\/responsabilidadsocial\/wp-json\/wp\/v2\/types\/page"}],"author":[{"embeddable":true,"href":"https:\/\/blogs.uladech.edu.pe\/responsabilidadsocial\/wp-json\/wp\/v2\/users\/8"}],"replies":[{"embeddable":true,"href":"https:\/\/blogs.uladech.edu.pe\/responsabilidadsocial\/wp-json\/wp\/v2\/comments?post=260"}],"version-history":[{"count":24,"href":"https:\/\/blogs.uladech.edu.pe\/responsabilidadsocial\/wp-json\/wp\/v2\/pages\/260\/revisions"}],"predecessor-version":[{"id":1741,"href":"https:\/\/blogs.uladech.edu.pe\/responsabilidadsocial\/wp-json\/wp\/v2\/pages\/260\/revisions\/1741"}],"wp:featuredmedia":[{"embeddable":true,"href":"https:\/\/blogs.uladech.edu.pe\/responsabilidadsocial\/wp-json\/wp\/v2\/media\/261"}],"wp:attachment":[{"href":"https:\/\/blogs.uladech.edu.pe\/responsabilidadsocial\/wp-json\/wp\/v2\/media?parent=260"}],"curies":[{"name":"wp","href":"https:\/\/api.w.org\/{rel}","templated":true}]}}