
    
    {"id":273,"date":"2015-10-23T08:48:24","date_gmt":"2015-10-23T08:48:24","guid":{"rendered":"http:\/\/blogs.uladech.edu.pe\/responsabilidadsocial\/?page_id=273"},"modified":"2015-10-23T08:48:24","modified_gmt":"2015-10-23T08:48:24","slug":"historia","status":"publish","type":"page","link":"https:\/\/blogs.uladech.edu.pe\/responsabilidadsocial\/historia\/","title":{"rendered":"Historia"},"content":{"rendered":"<p style=\"text-align: justify\">El Departamento Acad\u00e9mico de \u00c9tica y Valores fue creada en el a\u00f1o 1997 despu\u00e9s de un arduo trabajo con la Comisi\u00f3n Reorganizadora y con el apoyo de Sacerdotes y Profesores vinculados a la Di\u00f3cesis de Chimbote, es as\u00ed, que se inici\u00f3 el curso de \u00c9tica y Valores a cargo del Rvdo. Presbitero Juan Roger Rodr\u00edguez Ruiz.<br \/>\nPor iniciativa del Rector Ing. Dr. Julio Benjam\u00edn Dom\u00ednguez Granda, quien inspirado en esa constante b\u00fasqueda por mejorar la calidad humana de los estudiantes, sosten\u00eda: \u201cEn todas partes se habla de crisis de valores y esta crisis se le atribuye todos los fracasos humanos principalmente aplicado a quienes ejercen el liderazgo. Entonces el estudiante estar\u00e1 preparado para enfrentar estos desaf\u00edos que le ofrece la sociedad siendo prudente, sereno, constante, con personalidad definida y buscando el bien sin ostentaci\u00f3n\u201d. Por eso, consider\u00f3 necesario reestructurar los planes de estudios en la Universidad.<\/p>\n<p style=\"text-align: justify\">El 24 de diciembre del 2002 con resoluci\u00f3n N\u00b0 542-2002-CU-UDECH se aprueba el proyecto de reestructuraci\u00f3n del eje co-curricular en los planes de estudio de la ULADECH orientada hacia la autorrealizaci\u00f3n, para lo cual, se crea el Departamento Acad\u00e9mico de \u00c9tica y Valores en la Facultad de Educaci\u00f3n y Humanidades, encargando la Jefatura del Departamento a la Lic. Graciela P\u00e9rez Mor\u00e1n. El Departamento Acad\u00e9mico de \u00c9tica y Valores est\u00e1 ubicado como l\u00ednea trasversal en la ULADECH y busca a trav\u00e9s de sus asignaturas descubrir lo desconocido del saber humano, asimismo, orienta su metodolog\u00eda a rescatar los valores que reflejan la personalidad del estudiante siendo la expresi\u00f3n del tono cultural, moral, afectivo, social y espiritual; ya que en la construcci\u00f3n de una nueva sociedad educativa es necesario profundizar la educaci\u00f3n formal incorporando lo informal que se imparte en el seno familiar y en otros \u00e1mbitos de la sociedad y as\u00ed alcanzar una madurez humana.<\/p>\n<p style=\"text-align: justify\">El 09 de Octubre del 2006 con resoluci\u00f3n N\u00b0 1446-2006-CU-ULADECH se modifica la denominaci\u00f3n del Departamento de \u00c9tica y Valores adscrito a la Facultad Educaci\u00f3n y Humanidades que en adelante se denominar\u00e1: Departamento Acad\u00e9mico de Responsabilidad Social Universitaria (DARES). Puesto que la concepci\u00f3n moderna de \u00c9tica y Valores se relaciona con el enfoque de Responsabilidad Social Universitaria incorporada en el mundo globalizado, al igual que en las empresas, que incluye en el nivel universitario a la tradicional funci\u00f3n de proyecci\u00f3n social y extensi\u00f3n universitaria.<\/p>\n<p style=\"text-align: justify\">A partir de su creaci\u00f3n el departamento se caracteriz\u00f3 por su estrecha vinculaci\u00f3n al desarrollo de la persona humana como factor preponderante en el desarrollo de la sociedad, por esa raz\u00f3n su primera orientaci\u00f3n se centr\u00f3 en el desarrollo personal y moral del individuo, tambi\u00e9n nos llev\u00f3 a comprender que era necesario ampliar nuestros horizontes, es por ello, que esta situaci\u00f3n inicial a la fecha ha cambiado ya que entendemos que el desarrollo personal del individuo debe adem\u00e1s traducirse en un desarrollo responsable y social, en las relaciones de todos los implicados en la sociedad, lo cual permitir\u00e1 lograr el desarrollo sostenible que tanto queremos y necesitamos para nuestra permanencia en el mundo. Lo cual solo es posible de lograr siendo agentes activos en la pr\u00e1ctica y promoci\u00f3n de la Responsabilidad Social.<\/p>\n<p style=\"text-align: justify\">El Departamento Acad\u00e9mico de Responsabilidad Social Universitaria tiene a su cargo los siguientes cursos: Sabidur\u00eda Humana, \u00c9tica, Excelencia Personal, Manejo de Emociones, Comunicaci\u00f3n Asertiva, Conciliaci\u00f3n Social, Liderazgo y Factor Humano, Actividades Emprendedoras; los cuales se han trabajado hasta el a\u00f1o 2007.<br \/>\nA partir del siguiente a\u00f1o; el DARES se alineo a la Norma Internacional ISO 26000 de Responsabilidad Social, desarrollando cada uno de los temas fundamentales de la norma en las asignaturas de responsabilidad social; los cuales se denominan: Medio Amiente, Derechos Humanos y Sociales, Pr\u00e1cticas Operativas Justas, Asuntos de Consumidores, Gobernanza de las Organizaciones, Pr\u00e1cticas Laborales y Desarrollo de la Sociedad I, II y III.<\/p>\n<p style=\"text-align: justify\">Entre el 2010 y 2011, con el proceso de autoevaluaci\u00f3n y acreditaci\u00f3n de las carreras profesionales a trav\u00e9s del Modelo de Calidad para la Acreditaci\u00f3n de Carreras Profesionales Universitarias del Consejo de Evaluaci\u00f3n, Acreditaci\u00f3n y Certificaci\u00f3n de la Calidad de la Educaci\u00f3n Superior Universitaria (CONEAU), sobrevino un nuevo cambio en nuestra denominaci\u00f3n y en las funciones que ten\u00edamos asignadas como unidad operativa. La nueva denominaci\u00f3n fue Coordinaci\u00f3n Acad\u00e9mica de Responsabilidad Social (CORES), la cual adem\u00e1s de las funciones asignadas anteriormente, deb\u00eda de implementar el Sistema de Evaluaci\u00f3n de Extensi\u00f3n Universitaria y Proyecci\u00f3n Social y los subcomponentes en las carreras en proceso de autoevaluaci\u00f3n. Por lo cual nuestras actividades de responsabilidad social debieron migrar hacia proyectos de extensi\u00f3n universitaria y proyecci\u00f3n social (PEUPS). Los PEUPS implementados a trav\u00e9s del eje transversal de responsabilidad social se realizaron tomando en cuenta el ciclo DEMING, proceso que nos permiti\u00f3 evidenciar la implementaci\u00f3n, ejecuci\u00f3n y evaluaci\u00f3n de cada uno de los proyectos desarrollados.<\/p>\n<p style=\"text-align: justify\">Aunado a estos cambios, institucionalmente, en el 2013, se implement\u00f3 una gesti\u00f3n por procesos que conllev\u00f3 a nuevos reacomodos como unidad operativa, con una nueva denominaci\u00f3n y gesti\u00f3n por procesos. Ahora somos la DIRECCI\u00d3N DE RESPONSABILIDAD SOCIAL (DIRES)<\/p>\n","protected":false},"excerpt":{"rendered":"<p>El Departamento Acad\u00e9mico de \u00c9tica y Valores fue creada en el a\u00f1o 1997 despu\u00e9s de un arduo trabajo con la&#8230; <a href=\"https:\/\/blogs.uladech.edu.pe\/responsabilidadsocial\/historia\/\">Continue reading &raquo;<\/a><\/p>\n","protected":false},"author":8,"featured_media":0,"parent":0,"menu_order":0,"comment_status":"open","ping_status":"open","template":"","meta":[],"_links":{"self":[{"href":"https:\/\/blogs.uladech.edu.pe\/responsabilidadsocial\/wp-json\/wp\/v2\/pages\/273"}],"collection":[{"href":"https:\/\/blogs.uladech.edu.pe\/responsabilidadsocial\/wp-json\/wp\/v2\/pages"}],"about":[{"href":"https:\/\/blogs.uladech.edu.pe\/responsabilidadsocial\/wp-json\/wp\/v2\/types\/page"}],"author":[{"embeddable":true,"href":"https:\/\/blogs.uladech.edu.pe\/responsabilidadsocial\/wp-json\/wp\/v2\/users\/8"}],"replies":[{"embeddable":true,"href":"https:\/\/blogs.uladech.edu.pe\/responsabilidadsocial\/wp-json\/wp\/v2\/comments?post=273"}],"version-history":[{"count":1,"href":"https:\/\/blogs.uladech.edu.pe\/responsabilidadsocial\/wp-json\/wp\/v2\/pages\/273\/revisions"}],"predecessor-version":[{"id":274,"href":"https:\/\/blogs.uladech.edu.pe\/responsabilidadsocial\/wp-json\/wp\/v2\/pages\/273\/revisions\/274"}],"wp:attachment":[{"href":"https:\/\/blogs.uladech.edu.pe\/responsabilidadsocial\/wp-json\/wp\/v2\/media?parent=273"}],"curies":[{"name":"wp","href":"https:\/\/api.w.org\/{rel}","templated":true}]}}