
    
    {"id":6,"date":"2014-07-25T14:41:34","date_gmt":"2014-07-25T14:41:34","guid":{"rendered":"http:\/\/blogs.uladech.edu.pe\/responsabilidadsocial\/?page_id=6"},"modified":"2015-10-23T08:46:07","modified_gmt":"2015-10-23T08:46:07","slug":"somos","status":"publish","type":"page","link":"https:\/\/blogs.uladech.edu.pe\/responsabilidadsocial\/somos\/","title":{"rendered":"Somos"},"content":{"rendered":"<p style=\"text-align: justify\"><strong>Historia<\/strong><\/p>\n<p style=\"text-align: justify\">El Departamento Acad\u00e9mico de \u00c9tica y Valores fue creada en el a\u00f1o 1997 despu\u00e9s de un arduo trabajo con la Comisi\u00f3n Reorganizadora y con el apoyo de Sacerdotes y Profesores vinculados a la Di\u00f3cesis de Chimbote, es as\u00ed, que se inici\u00f3 el curso de \u00c9tica y Valores a cargo del Rvdo. Pco. Juan Roger Rodr\u00edguez Ruiz.<\/p>\n<p style=\"text-align: justify\">Por iniciativa del Rector Ing. Dr. Julio Benjam\u00edn Dom\u00ednguez Granda, quien inspirado en esa constante b\u00fasqueda por mejorar la calidad humana de los estudiantes, sosten\u00eda: \u201cEn todas partes se habla de crisis de valores y esta crisis se le atribuye todos los fracasos humanos principalmente aplicado a quienes ejercen el liderazgo. Entonces el estudiante estar\u00e1 preparado para enfrentar estos desaf\u00edos que le ofrece la sociedad siendo prudente, sereno, constante, con personalidad definida y buscando el bien sin ostentaci\u00f3n\u201d. Por eso, consider\u00f3 necesario reestructurar los planes de estudios en la Universidad<\/p>\n<p style=\"text-align: justify\">El 24 de diciembre del 2002 con resoluci\u00f3n N\u00b0 542-2002-CU-UDECH se aprueba el proyecto de reestructuraci\u00f3n del eje co curricular en los planes de estudio de la ULADECH orientada hacia la autorrealizaci\u00f3n, para lo cual, se crea el Departamento Acad\u00e9mico de \u00c9tica y Valores en la Facultad de Educaci\u00f3n y Humanidades, encargando la Jefatura del Departamento a la Lic. Graciela P\u00e9rez Mor\u00e1n. El Departamento Acad\u00e9mico de \u00c9tica y Valores est\u00e1 ubicado como l\u00ednea trasversal en la ULADECH y busca a trav\u00e9s de sus asignaturas descubrir lo desconocido del saber humano, asimismo, orienta su metodolog\u00eda a rescatar los valores que reflejan la personalidad del estudiante siendo la expresi\u00f3n del tono cultural, moral, afectivo, social y espiritual; ya que en la construcci\u00f3n de una nueva sociedad educativa es necesario profundizar la educaci\u00f3n formal incorporando lo informal que se imparte en el seno familiar y en otros \u00e1mbitos de la sociedad y as\u00ed alcanzar una madurez humana.<\/p>\n<p style=\"text-align: justify\">El 09 de Octubre del 2006 con resoluci\u00f3n N\u00b0 1446-2006-CU-ULADECH se modifica la denominaci\u00f3n del Departamento de \u00c9tica y Valores adscrito a la Facultad Educaci\u00f3n y Humanidades que en adelante se denominar\u00e1: Departamento Acad\u00e9mico de Responsabilidad Social Universitaria (DARES). Puesto que la concepci\u00f3n moderna de \u00c9tica y Valores se relaciona con el enfoque de Responsabilidad Social Universitaria incorporada en el mundo globalizado, al igual que en las empresas, que incluye en el nivel universitario a la tradicional funci\u00f3n de proyecci\u00f3n social y extensi\u00f3n universitaria.<br \/>\nA partir de su creaci\u00f3n el departamento se caracteriz\u00f3 por su estrecha vinculaci\u00f3n al desarrollo de la persona humana como factor preponderante en el desarrollo de la sociedad, por esa raz\u00f3n su primera orientaci\u00f3n se centr\u00f3 en el desarrollo personal y moral del individuo, tambi\u00e9n nos llev\u00f3 a comprender que era necesario ampliar nuestros horizontes, es por ello, que esta situaci\u00f3n inicial a la fecha ha cambiado ya que entendemos que el desarrollo personal del individuo debe adem\u00e1s traducirse en un desarrollo responsable y social, en las relaciones de todos los implicados en la sociedad, lo cual permitir\u00e1 lograr el desarrollo sostenible que tanto queremos y necesitamos para nuestra permanencia en el mundo. Lo cual solo es posible de lograr siendo agentes activos en la pr\u00e1ctica y promoci\u00f3n de la Responsabilidad Social.<\/p>\n<p style=\"text-align: justify\">El Departamento Acad\u00e9mico de Responsabilidad Social Universitaria tiene a su cargo los siguientes cursos: Sabidur\u00eda Humana, \u00c9tica, Excelencia Personal, Manejo de Emociones, Comunicaci\u00f3n Asertiva, Conciliaci\u00f3n Social, Liderazgo y Factor Humano, Actividades Emprendedoras; los cuales se han trabajado hasta el a\u00f1o 2007.<\/p>\n<p style=\"text-align: justify\">A partir del siguiente a\u00f1o; es DARES se alineo a la Norma Internacional ISO 26000 de Responsabilidad Social, desarrollando cada uno de los temas fundamentales de la norma en las asignaturas de responsabilidad social; los cuales se denominan: Medio Amiente, Derechos Humanos y Sociales, Pr\u00e1cticas Operativas Justas, Asuntos de Consumidores, Gobernanza de las Organizaciones, Pr\u00e1cticas Laborales y Desarrollo de la Sociedad I, II y III.<\/p>\n","protected":false},"excerpt":{"rendered":"<p>Historia El Departamento Acad\u00e9mico de \u00c9tica y Valores fue creada en el a\u00f1o 1997 despu\u00e9s de un arduo trabajo con&#8230; <a href=\"https:\/\/blogs.uladech.edu.pe\/responsabilidadsocial\/somos\/\">Continue reading &raquo;<\/a><\/p>\n","protected":false},"author":1,"featured_media":0,"parent":0,"menu_order":0,"comment_status":"closed","ping_status":"closed","template":"","meta":[],"_links":{"self":[{"href":"https:\/\/blogs.uladech.edu.pe\/responsabilidadsocial\/wp-json\/wp\/v2\/pages\/6"}],"collection":[{"href":"https:\/\/blogs.uladech.edu.pe\/responsabilidadsocial\/wp-json\/wp\/v2\/pages"}],"about":[{"href":"https:\/\/blogs.uladech.edu.pe\/responsabilidadsocial\/wp-json\/wp\/v2\/types\/page"}],"author":[{"embeddable":true,"href":"https:\/\/blogs.uladech.edu.pe\/responsabilidadsocial\/wp-json\/wp\/v2\/users\/1"}],"replies":[{"embeddable":true,"href":"https:\/\/blogs.uladech.edu.pe\/responsabilidadsocial\/wp-json\/wp\/v2\/comments?post=6"}],"version-history":[{"count":4,"href":"https:\/\/blogs.uladech.edu.pe\/responsabilidadsocial\/wp-json\/wp\/v2\/pages\/6\/revisions"}],"predecessor-version":[{"id":272,"href":"https:\/\/blogs.uladech.edu.pe\/responsabilidadsocial\/wp-json\/wp\/v2\/pages\/6\/revisions\/272"}],"wp:attachment":[{"href":"https:\/\/blogs.uladech.edu.pe\/responsabilidadsocial\/wp-json\/wp\/v2\/media?parent=6"}],"curies":[{"name":"wp","href":"https:\/\/api.w.org\/{rel}","templated":true}]}}